{"id":13,"date":"2026-01-12T17:36:26","date_gmt":"2026-01-12T17:36:26","guid":{"rendered":"https:\/\/sheelarealestate.rkinformatika.online\/?page_id=13"},"modified":"2026-01-14T13:53:07","modified_gmt":"2026-01-14T13:53:07","slug":"servicios","status":"publish","type":"page","link":"https:\/\/sheelarealestate.com\/en\/servicios\/","title":{"rendered":"Services"},"content":{"rendered":"<div data-elementor-type=\"wp-page\" data-elementor-id=\"13\" class=\"elementor elementor-13\" data-elementor-post-type=\"page\">\n\t\t\t\t<div class=\"elementor-element elementor-element-7799f65 e-flex e-con-boxed e-con e-parent\" data-id=\"7799f65\" data-element_type=\"container\" data-e-type=\"container\" data-settings=\"{&quot;background_background&quot;:&quot;classic&quot;}\">\n\t\t\t\t\t<div class=\"e-con-inner\">\n\t\t\t\t<div class=\"elementor-element elementor-element-86a50b0 elementor-widget elementor-widget-heading\" data-id=\"86a50b0\" data-element_type=\"widget\" data-e-type=\"widget\" data-widget_type=\"heading.default\">\n\t\t\t\t\t<h2 class=\"elementor-heading-title elementor-size-default\">Descubre c\u00f3mo podemos ayudarte a <br>encontrar tu local ideal<\/h2>\t\t\t\t<\/div>\n\t\t\t\t\t<\/div>\n\t\t\t\t<\/div>\n\t\t<div class=\"elementor-element elementor-element-bb04520 e-flex e-con-boxed e-con e-parent\" data-id=\"bb04520\" data-element_type=\"container\" data-e-type=\"container\">\n\t\t\t\t\t<div class=\"e-con-inner\">\n\t\t\t\t<div class=\"elementor-element elementor-element-64598ee elementor-widget elementor-widget-heading\" data-id=\"64598ee\" data-element_type=\"widget\" data-e-type=\"widget\" data-widget_type=\"heading.default\">\n\t\t\t\t\t<h2 class=\"elementor-heading-title elementor-size-default\">Encuentra el espacio perfecto para tu negocio<\/h2>\t\t\t\t<\/div>\n\t\t\t\t\t<\/div>\n\t\t\t\t<\/div>\n\t\t<div class=\"elementor-element elementor-element-59d6015 e-flex e-con-boxed e-con e-parent\" data-id=\"59d6015\" data-element_type=\"container\" data-e-type=\"container\">\n\t\t\t\t\t<div class=\"e-con-inner\">\n\t\t<div class=\"elementor-element elementor-element-2a56fc3 e-con-full e-flex e-con e-child\" data-id=\"2a56fc3\" data-element_type=\"container\" data-e-type=\"container\" data-settings=\"{&quot;background_background&quot;:&quot;classic&quot;}\">\n\t\t\t\t<div class=\"elementor-element elementor-element-1dd46cd elementor-widget elementor-widget-heading\" data-id=\"1dd46cd\" data-element_type=\"widget\" data-e-type=\"widget\" data-widget_type=\"heading.default\">\n\t\t\t\t\t<h2 class=\"elementor-heading-title elementor-size-default\">Alquiler de locales comerciales<\/h2>\t\t\t\t<\/div>\n\t\t\t\t<div class=\"elementor-element elementor-element-12ddb64 elementor-widget elementor-widget-text-editor\" data-id=\"12ddb64\" data-element_type=\"widget\" data-e-type=\"widget\" data-widget_type=\"text-editor.default\">\n\t\t\t\t\t\t\t\t\t<ul><li data-start=\"1061\" data-end=\"1107\"><p data-start=\"1063\" data-end=\"1107\">Locales para tiendas, oficinas y servicios<\/p><\/li><li data-start=\"1108\" data-end=\"1160\"><p data-start=\"1110\" data-end=\"1160\">Espacios adaptables a distintos tipos de negocio<\/p><\/li><li data-start=\"1161\" data-end=\"1191\"><p data-start=\"1163\" data-end=\"1191\">Contratos claros y seguros<\/p><\/li><li data-start=\"1192\" data-end=\"1247\"><p data-start=\"1194\" data-end=\"1247\">Asesoramiento profesional en la selecci\u00f3n del local<\/p><\/li><\/ul>\t\t\t\t\t\t\t\t<\/div>\n\t\t\t\t<\/div>\n\t\t<div class=\"elementor-element elementor-element-a0c2fb5 e-con-full elementor-hidden-desktop elementor-hidden-tablet elementor-hidden-mobile e-flex e-con e-child\" data-id=\"a0c2fb5\" data-element_type=\"container\" data-e-type=\"container\" data-settings=\"{&quot;background_background&quot;:&quot;classic&quot;}\">\n\t\t\t\t<div class=\"elementor-element elementor-element-de839cd elementor-widget elementor-widget-heading\" data-id=\"de839cd\" data-element_type=\"widget\" data-e-type=\"widget\" data-widget_type=\"heading.default\">\n\t\t\t\t\t<h2 class=\"elementor-heading-title elementor-size-default\">Compra y venta de naves industriales<\/h2>\t\t\t\t<\/div>\n\t\t\t\t<div class=\"elementor-element elementor-element-9e44e1c elementor-widget elementor-widget-text-editor\" data-id=\"9e44e1c\" data-element_type=\"widget\" data-e-type=\"widget\" data-widget_type=\"text-editor.default\">\n\t\t\t\t\t\t\t\t\t<ul><li data-start=\"1291\" data-end=\"1328\"><p data-start=\"1293\" data-end=\"1328\">Naves en ubicaciones estrat\u00e9gicas<\/p><\/li><li data-start=\"1329\" data-end=\"1363\"><p data-start=\"1331\" data-end=\"1363\">Tr\u00e1mites y gestiones completas<\/p><\/li><li data-start=\"1364\" data-end=\"1414\"><p data-start=\"1366\" data-end=\"1414\">Soluciones a medida para empresas industriales<\/p><\/li><\/ul>\t\t\t\t\t\t\t\t<\/div>\n\t\t\t\t<\/div>\n\t\t\t\t\t<\/div>\n\t\t\t\t<\/div>\n\t\t<div class=\"elementor-element elementor-element-f956a6f e-flex e-con-boxed e-con e-parent\" data-id=\"f956a6f\" data-element_type=\"container\" data-e-type=\"container\" data-settings=\"{&quot;background_background&quot;:&quot;classic&quot;}\">\n\t\t\t\t\t<div class=\"e-con-inner\">\n\t\t\t\t<div class=\"elementor-element elementor-element-9a6a950 elementor-widget elementor-widget-heading\" data-id=\"9a6a950\" data-element_type=\"widget\" data-e-type=\"widget\" data-widget_type=\"heading.default\">\n\t\t\t\t\t<h2 class=\"elementor-heading-title elementor-size-default\">\u00bfQuieres m\u00e1s informaci\u00f3n?<\/h2>\t\t\t\t<\/div>\n\t\t\t\t<div class=\"elementor-element elementor-element-1275c71 elementor-align-center elementor-widget elementor-widget-button\" data-id=\"1275c71\" data-element_type=\"widget\" data-e-type=\"widget\" data-widget_type=\"button.default\">\n\t\t\t\t\t\t\t\t\t\t<a class=\"elementor-button elementor-button-link elementor-size-sm\" href=\"tel:%20916%2021%2048%2069\">\n\t\t\t\t\t\t<span class=\"elementor-button-content-wrapper\">\n\t\t\t\t\t\t\t\t\t<span class=\"elementor-button-text\">Ll\u00e1manos<\/span>\n\t\t\t\t\t<\/span>\n\t\t\t\t\t<\/a>\n\t\t\t\t\t\t\t\t<\/div>\n\t\t\t\t\t<\/div>\n\t\t\t\t<\/div>\n\t\t\t\t<\/div>","protected":false},"excerpt":{"rendered":"<p>Descubre c\u00f3mo podemos ayudarte a encontrar tu local ideal Encuentra el espacio perfecto para tu negocio Alquiler de locales comerciales Locales para tiendas, oficinas y servicios Espacios adaptables a distintos tipos de negocio Contratos claros y seguros Asesoramiento profesional en la selecci\u00f3n del local Compra y venta de naves industriales Naves en ubicaciones estrat\u00e9gicas Tr\u00e1mites [&hellip;]<\/p>\n","protected":false},"author":1,"featured_media":0,"parent":0,"menu_order":0,"comment_status":"closed","ping_status":"closed","template":"elementor_canvas","meta":{"footnotes":""},"class_list":["post-13","page","type-page","status-publish","hentry"],"yoast_head":"<!-- This site is optimized with the Yoast SEO plugin v27.5 - https:\/\/yoast.com\/product\/yoast-seo-wordpress\/ -->\n<title>Servicios - Sheela Real Estate<\/title>\n<meta name=\"robots\" content=\"index, follow, max-snippet:-1, max-image-preview:large, max-video-preview:-1\" \/>\n<link rel=\"canonical\" href=\"https:\/\/sheelarealestate.com\/en\/servicios\/\" \/>\n<meta property=\"og:locale\" content=\"en_GB\" \/>\n<meta property=\"og:type\" content=\"article\" \/>\n<meta property=\"og:title\" content=\"Servicios - Sheela Real Estate\" \/>\n<meta property=\"og:description\" content=\"Descubre c\u00f3mo podemos ayudarte a encontrar tu local ideal Encuentra el espacio perfecto para tu negocio Alquiler de locales comerciales Locales para tiendas, oficinas y servicios Espacios adaptables a distintos tipos de negocio Contratos claros y seguros Asesoramiento profesional en la selecci\u00f3n del local Compra y venta de naves industriales Naves en ubicaciones estrat\u00e9gicas Tr\u00e1mites [&hellip;]\" \/>\n<meta property=\"og:url\" content=\"https:\/\/sheelarealestate.com\/en\/servicios\/\" \/>\n<meta property=\"og:site_name\" content=\"Sheela Real Estate\" \/>\n<meta property=\"article:modified_time\" content=\"2026-01-14T13:53:07+00:00\" \/>\n<meta name=\"twitter:card\" content=\"summary_large_image\" \/>\n<meta name=\"twitter:label1\" content=\"Estimated reading time\" \/>\n\t<meta name=\"twitter:data1\" content=\"1 minute\" \/>\n<script type=\"application\/ld+json\" class=\"yoast-schema-graph\">{\"@context\":\"https:\\\/\\\/schema.org\",\"@graph\":[{\"@type\":\"WebPage\",\"@id\":\"https:\\\/\\\/sheelarealestate.com\\\/servicios\\\/\",\"url\":\"https:\\\/\\\/sheelarealestate.com\\\/servicios\\\/\",\"name\":\"Servicios - Sheela Real Estate\",\"isPartOf\":{\"@id\":\"https:\\\/\\\/sheelarealestate.com\\\/#website\"},\"datePublished\":\"2026-01-12T17:36:26+00:00\",\"dateModified\":\"2026-01-14T13:53:07+00:00\",\"breadcrumb\":{\"@id\":\"https:\\\/\\\/sheelarealestate.com\\\/servicios\\\/#breadcrumb\"},\"inLanguage\":\"en-GB\",\"potentialAction\":[{\"@type\":\"ReadAction\",\"target\":[\"https:\\\/\\\/sheelarealestate.com\\\/servicios\\\/\"]}]},{\"@type\":\"BreadcrumbList\",\"@id\":\"https:\\\/\\\/sheelarealestate.com\\\/servicios\\\/#breadcrumb\",\"itemListElement\":[{\"@type\":\"ListItem\",\"position\":1,\"name\":\"Portada\",\"item\":\"https:\\\/\\\/sheelarealestate.com\\\/\"},{\"@type\":\"ListItem\",\"position\":2,\"name\":\"Servicios\"}]},{\"@type\":\"WebSite\",\"@id\":\"https:\\\/\\\/sheelarealestate.com\\\/#website\",\"url\":\"https:\\\/\\\/sheelarealestate.com\\\/\",\"name\":\"Sheela Real Estate\",\"description\":\"Alquiler de locales comerciales\",\"publisher\":{\"@id\":\"https:\\\/\\\/sheelarealestate.com\\\/#organization\"},\"potentialAction\":[{\"@type\":\"SearchAction\",\"target\":{\"@type\":\"EntryPoint\",\"urlTemplate\":\"https:\\\/\\\/sheelarealestate.com\\\/?s={search_term_string}\"},\"query-input\":{\"@type\":\"PropertyValueSpecification\",\"valueRequired\":true,\"valueName\":\"search_term_string\"}}],\"inLanguage\":\"en-GB\"},{\"@type\":\"Organization\",\"@id\":\"https:\\\/\\\/sheelarealestate.com\\\/#organization\",\"name\":\"Sheela Real Estate\",\"url\":\"https:\\\/\\\/sheelarealestate.com\\\/\",\"logo\":{\"@type\":\"ImageObject\",\"inLanguage\":\"en-GB\",\"@id\":\"https:\\\/\\\/sheelarealestate.com\\\/#\\\/schema\\\/logo\\\/image\\\/\",\"url\":\"https:\\\/\\\/sheelarealestate.com\\\/wp-content\\\/uploads\\\/2026\\\/01\\\/cropped-sheelarealestate202510_logo_web.png\",\"contentUrl\":\"https:\\\/\\\/sheelarealestate.com\\\/wp-content\\\/uploads\\\/2026\\\/01\\\/cropped-sheelarealestate202510_logo_web.png\",\"width\":1079,\"height\":837,\"caption\":\"Sheela Real Estate\"},\"image\":{\"@id\":\"https:\\\/\\\/sheelarealestate.com\\\/#\\\/schema\\\/logo\\\/image\\\/\"}}]}<\/script>\n<!-- \/ Yoast SEO plugin. -->","yoast_head_json":{"title":"Servicios - Sheela Real Estate","robots":{"index":"index","follow":"follow","max-snippet":"max-snippet:-1","max-image-preview":"max-image-preview:large","max-video-preview":"max-video-preview:-1"},"canonical":"https:\/\/sheelarealestate.com\/en\/servicios\/","og_locale":"en_GB","og_type":"article","og_title":"Servicios - Sheela Real Estate","og_description":"Descubre c\u00f3mo podemos ayudarte a encontrar tu local ideal Encuentra el espacio perfecto para tu negocio Alquiler de locales comerciales Locales para tiendas, oficinas y servicios Espacios adaptables a distintos tipos de negocio Contratos claros y seguros Asesoramiento profesional en la selecci\u00f3n del local Compra y venta de naves industriales Naves en ubicaciones estrat\u00e9gicas Tr\u00e1mites [&hellip;]","og_url":"https:\/\/sheelarealestate.com\/en\/servicios\/","og_site_name":"Sheela Real Estate","article_modified_time":"2026-01-14T13:53:07+00:00","twitter_card":"summary_large_image","twitter_misc":{"Estimated reading time":"1 minute"},"schema":{"@context":"https:\/\/schema.org","@graph":[{"@type":"WebPage","@id":"https:\/\/sheelarealestate.com\/servicios\/","url":"https:\/\/sheelarealestate.com\/servicios\/","name":"Servicios - Sheela Real Estate","isPartOf":{"@id":"https:\/\/sheelarealestate.com\/#website"},"datePublished":"2026-01-12T17:36:26+00:00","dateModified":"2026-01-14T13:53:07+00:00","breadcrumb":{"@id":"https:\/\/sheelarealestate.com\/servicios\/#breadcrumb"},"inLanguage":"en-GB","potentialAction":[{"@type":"ReadAction","target":["https:\/\/sheelarealestate.com\/servicios\/"]}]},{"@type":"BreadcrumbList","@id":"https:\/\/sheelarealestate.com\/servicios\/#breadcrumb","itemListElement":[{"@type":"ListItem","position":1,"name":"Portada","item":"https:\/\/sheelarealestate.com\/"},{"@type":"ListItem","position":2,"name":"Servicios"}]},{"@type":"WebSite","@id":"https:\/\/sheelarealestate.com\/#website","url":"https:\/\/sheelarealestate.com\/","name":"Sheela Real Estate","description":"Alquiler de locales comerciales","publisher":{"@id":"https:\/\/sheelarealestate.com\/#organization"},"potentialAction":[{"@type":"SearchAction","target":{"@type":"EntryPoint","urlTemplate":"https:\/\/sheelarealestate.com\/?s={search_term_string}"},"query-input":{"@type":"PropertyValueSpecification","valueRequired":true,"valueName":"search_term_string"}}],"inLanguage":"en-GB"},{"@type":"Organization","@id":"https:\/\/sheelarealestate.com\/#organization","name":"Sheela Real Estate","url":"https:\/\/sheelarealestate.com\/","logo":{"@type":"ImageObject","inLanguage":"en-GB","@id":"https:\/\/sheelarealestate.com\/#\/schema\/logo\/image\/","url":"https:\/\/sheelarealestate.com\/wp-content\/uploads\/2026\/01\/cropped-sheelarealestate202510_logo_web.png","contentUrl":"https:\/\/sheelarealestate.com\/wp-content\/uploads\/2026\/01\/cropped-sheelarealestate202510_logo_web.png","width":1079,"height":837,"caption":"Sheela Real Estate"},"image":{"@id":"https:\/\/sheelarealestate.com\/#\/schema\/logo\/image\/"}}]}},"_links":{"self":[{"href":"https:\/\/sheelarealestate.com\/en\/wp-json\/wp\/v2\/pages\/13","targetHints":{"allow":["GET"]}}],"collection":[{"href":"https:\/\/sheelarealestate.com\/en\/wp-json\/wp\/v2\/pages"}],"about":[{"href":"https:\/\/sheelarealestate.com\/en\/wp-json\/wp\/v2\/types\/page"}],"author":[{"embeddable":true,"href":"https:\/\/sheelarealestate.com\/en\/wp-json\/wp\/v2\/users\/1"}],"replies":[{"embeddable":true,"href":"https:\/\/sheelarealestate.com\/en\/wp-json\/wp\/v2\/comments?post=13"}],"version-history":[{"count":58,"href":"https:\/\/sheelarealestate.com\/en\/wp-json\/wp\/v2\/pages\/13\/revisions"}],"predecessor-version":[{"id":263,"href":"https:\/\/sheelarealestate.com\/en\/wp-json\/wp\/v2\/pages\/13\/revisions\/263"}],"wp:attachment":[{"href":"https:\/\/sheelarealestate.com\/en\/wp-json\/wp\/v2\/media?parent=13"}],"curies":[{"name":"wp","href":"https:\/\/api.w.org\/{rel}","templated":true}]}}